{"id":85,"date":"2021-03-28T19:37:15","date_gmt":"2021-03-28T19:37:15","guid":{"rendered":"http:\/\/shop.h2detox.com\/?post_type=product&#038;p=85"},"modified":"2024-03-25T00:46:40","modified_gmt":"2024-03-25T00:46:40","slug":"silberwasser-salbe-100ml","status":"publish","type":"product","link":"https:\/\/shop.h2detox.com\/?product=silberwasser-salbe-100ml","title":{"rendered":"Silberwasser Creme 100ml"},"content":{"rendered":"<p>Silberwasser Creme 100ml<br \/>\nmit molekularen Wasserstoff Bambusessig, Turmalin Wasser,<br \/>\nKampfer, Rosmarin, Arnika, Rosskastanien.<\/p>\n<p>Die Silberwasser Creme zeichnet sich durch eine hochwertige Qualit\u00e4t mit einer bew\u00e4hrten Originalrezeptur<br \/>\naus alter \u00dcberlieferung aus. Die Grundlage der Creme ist eine DAC-Basiscreme die imstande ist das Silberwasser<br \/>\nund die Kr\u00e4uterextrakte gro\u00dfz\u00fcgig aufzunehmen. Die Emulatoren weisen keine toxischen Eigenschaften auf.<br \/>\nDie Creme hat vielseitige Anwendungen und wird bereits seit Generationen als Hausmittel eingesetzt.<\/p>\n<p>Lieferdetails: 1 St\u00fcck 100ml<\/p>\n<p>Das Silberwasser in unserer Creme:<\/p>\n<p>Das 100 % nat\u00fcrliche kolloidale Silberwasser mit 20ppm wird mit molekularen Wasserstoff und dem Kr\u00e4uterelixier<br \/>\nangereichert, das in der Creme verwendet wird.<\/p>\n<p>&nbsp;<\/p>\n<p>&nbsp;<\/p>\n<p>&nbsp;<\/p>\n<pre><strong>Bereits der Schweizer Carl Wilhelm von N\u00e4geli beschreibt den oligodynamischen Effekt des Silberwassers.<\/strong><\/pre>\n<p><strong>Anwendung:<\/strong> Auf jene Hauptstelle auftragen f\u00fcr die sie die Silberwasser Creme vorgesehen haben. Die Creme zieht schnell ein und wird h\u00e4ufig eingesetzt f\u00fcr:<br \/>\nH\u00e4ufige Anwendungsgebiete f\u00fcr kolloidales Silber:<\/p>\n<p>Entz\u00fcndungen<br \/>\nHauterkrankungen<br \/>\nOffene Wunden<br \/>\nGrippe und Erk\u00e4ltungen<br \/>\nAtemwegserkrankungen<br \/>\nRheuma<br \/>\nPilzinfektionen<br \/>\nGelenkschmerzen<br \/>\nHautrisse<br \/>\nArthrose<br \/>\nNagelgeschw\u00fcr<\/p>\n<p>&nbsp;<\/p>\n","protected":false},"excerpt":{"rendered":"<p>Silberwasser Creme 100ml mit molekularen Wasserstoff Bambusessig, Turmalin Wasser, Kampfer, Rosmarin, Arnika, Rosskastanien. Die Silberwasser Creme zeichnet sich durch eine hochwertige Qualit\u00e4t mit einer bew\u00e4hrten Originalrezeptur aus alter \u00dcberlieferung aus. Die Grundlage der Creme ist eine DAC-Basiscreme die imstande ist das Silberwasser und die Kr\u00e4uterextrakte gro\u00dfz\u00fcgig aufzunehmen. Die Emulatoren weisen keine toxischen Eigenschaften auf. Die [&hellip;]<\/p>\n","protected":false},"featured_media":97,"comment_status":"open","ping_status":"closed","template":"","meta":[],"product_brand":[],"product_cat":[15],"product_tag":[],"class_list":{"0":"post-85","1":"product","2":"type-product","3":"status-publish","4":"has-post-thumbnail","6":"product_cat-unkategorisiert","8":"first","9":"instock","10":"taxable","11":"shipping-taxable","12":"purchasable","13":"product-type-simple"},"jetpack_sharing_enabled":true,"_links":{"self":[{"href":"https:\/\/shop.h2detox.com\/index.php?rest_route=\/wp\/v2\/product\/85","targetHints":{"allow":["GET"]}}],"collection":[{"href":"https:\/\/shop.h2detox.com\/index.php?rest_route=\/wp\/v2\/product"}],"about":[{"href":"https:\/\/shop.h2detox.com\/index.php?rest_route=\/wp\/v2\/types\/product"}],"replies":[{"embeddable":true,"href":"https:\/\/shop.h2detox.com\/index.php?rest_route=%2Fwp%2Fv2%2Fcomments&post=85"}],"wp:featuredmedia":[{"embeddable":true,"href":"https:\/\/shop.h2detox.com\/index.php?rest_route=\/wp\/v2\/media\/97"}],"wp:attachment":[{"href":"https:\/\/shop.h2detox.com\/index.php?rest_route=%2Fwp%2Fv2%2Fmedia&parent=85"}],"wp:term":[{"taxonomy":"product_brand","embeddable":true,"href":"https:\/\/shop.h2detox.com\/index.php?rest_route=%2Fwp%2Fv2%2Fproduct_brand&post=85"},{"taxonomy":"product_cat","embeddable":true,"href":"https:\/\/shop.h2detox.com\/index.php?rest_route=%2Fwp%2Fv2%2Fproduct_cat&post=85"},{"taxonomy":"product_tag","embeddable":true,"href":"https:\/\/shop.h2detox.com\/index.php?rest_route=%2Fwp%2Fv2%2Fproduct_tag&post=85"}],"curies":[{"name":"wp","href":"https:\/\/api.w.org\/{rel}","templated":true}]}}