{"id":143,"date":"2021-05-05T08:05:05","date_gmt":"2021-05-05T08:05:05","guid":{"rendered":"http:\/\/shop.h2detox.com\/?post_type=product&#038;p=143"},"modified":"2021-05-07T13:44:05","modified_gmt":"2021-05-07T13:44:05","slug":"silberwasser-testcreme","status":"publish","type":"product","link":"https:\/\/shop.h2detox.com\/?product=silberwasser-testcreme","title":{"rendered":"Silberwasser TestCreme"},"content":{"rendered":"<p>Cremetester in 5 ml Tube<br \/>\n4 Sorten gemischt a 3 St\u00fcck<\/p>\n<p>Silberwasser(Kolloidiales Silber) mit molekularen Wasserstoff<br \/>\nOliven\u00f6l Gesichts und K\u00f6rpercreme<br \/>\nmit Vitamine E <\/p>\n<p>Silberwasser(Kolloidiales Silber) mit molekularen Wasserstoff<br \/>\nArnika-Sanddorn-Oliven\u00f6l <\/p>\n<p>Silberwasser(Kolloidiales Silber) mit molekularen Wasserstoff<br \/>\nRingelblume-Sanddorn<\/p>\n<p>Silberwasser(Kolloidiales Silber), Bambusessig, Turmalin Wasser<br \/>\nKampfer, Rosmarin, Arnika, Rosskastanien<\/p>\n","protected":false},"excerpt":{"rendered":"<p>Cremetester in 5 ml Tube 4 Sorten gemischt a 3 St\u00fcck Silberwasser(Kolloidiales Silber) mit molekularen Wasserstoff Oliven\u00f6l Gesichts und K\u00f6rpercreme mit Vitamine E Silberwasser(Kolloidiales Silber) mit molekularen Wasserstoff Arnika-Sanddorn-Oliven\u00f6l Silberwasser(Kolloidiales Silber) mit molekularen Wasserstoff Ringelblume-Sanddorn Silberwasser(Kolloidiales Silber), Bambusessig, Turmalin Wasser Kampfer, Rosmarin, Arnika, Rosskastanien<\/p>\n","protected":false},"featured_media":144,"comment_status":"open","ping_status":"closed","template":"","meta":[],"product_brand":[],"product_cat":[15],"product_tag":[],"class_list":{"0":"post-143","1":"product","2":"type-product","3":"status-publish","4":"has-post-thumbnail","6":"product_cat-unkategorisiert","8":"first","9":"instock","10":"sale","11":"taxable","12":"shipping-taxable","13":"purchasable","14":"product-type-simple"},"jetpack_sharing_enabled":true,"_links":{"self":[{"href":"https:\/\/shop.h2detox.com\/index.php?rest_route=\/wp\/v2\/product\/143","targetHints":{"allow":["GET"]}}],"collection":[{"href":"https:\/\/shop.h2detox.com\/index.php?rest_route=\/wp\/v2\/product"}],"about":[{"href":"https:\/\/shop.h2detox.com\/index.php?rest_route=\/wp\/v2\/types\/product"}],"replies":[{"embeddable":true,"href":"https:\/\/shop.h2detox.com\/index.php?rest_route=%2Fwp%2Fv2%2Fcomments&post=143"}],"wp:featuredmedia":[{"embeddable":true,"href":"https:\/\/shop.h2detox.com\/index.php?rest_route=\/wp\/v2\/media\/144"}],"wp:attachment":[{"href":"https:\/\/shop.h2detox.com\/index.php?rest_route=%2Fwp%2Fv2%2Fmedia&parent=143"}],"wp:term":[{"taxonomy":"product_brand","embeddable":true,"href":"https:\/\/shop.h2detox.com\/index.php?rest_route=%2Fwp%2Fv2%2Fproduct_brand&post=143"},{"taxonomy":"product_cat","embeddable":true,"href":"https:\/\/shop.h2detox.com\/index.php?rest_route=%2Fwp%2Fv2%2Fproduct_cat&post=143"},{"taxonomy":"product_tag","embeddable":true,"href":"https:\/\/shop.h2detox.com\/index.php?rest_route=%2Fwp%2Fv2%2Fproduct_tag&post=143"}],"curies":[{"name":"wp","href":"https:\/\/api.w.org\/{rel}","templated":true}]}}