{"id":14,"date":"2021-03-16T17:08:10","date_gmt":"2021-03-16T17:08:10","guid":{"rendered":"http:\/\/shop.h2detox.com\/?post_type=product&#038;p=14"},"modified":"2024-07-08T10:56:08","modified_gmt":"2024-07-08T10:56:08","slug":"h2detox-pflaster-wochenkur","status":"publish","type":"product","link":"https:\/\/shop.h2detox.com\/?product=h2detox-pflaster-wochenkur","title":{"rendered":"H2Detox Pflaster Wochenkur"},"content":{"rendered":"<p>H2Detox Pflaster Wochenkur &amp; mit Silberwasser Bambusessig -Turmalin Wasser und Kr\u00e4uter Extrakt.<\/p>\n<p>H2Detox Pflaster<\/p>\n<p>Einfach zu verwenden<br \/>\nGeeignet f\u00fcr Veganer und glutenfrei<\/p>\n<p>Lieferdetails: 14 St\u00fcck pads Wochenkur<br \/>\n                Reagenglas mit Pimpette: Silberwasser &#8211;<br \/>\n                                         Kolloidiales Silber, Bambusessig,<br \/>\n                                         Turmalin Wasser,<br \/>\n                                         Kampfer, Rosmarin, Arnika, Rosskastanien.<\/p>\n<p>&nbsp;<\/p>\n<p>&nbsp;<\/p>\n<p>&nbsp;<\/p>\n<pre><strong>Achtung: Das Silberwasser nicht einnehmen<\/strong><\/pre>\n<p><strong>Anwendung:<\/strong> Geben Sie ca 10 Tropfen des Silberwassers auf jede Fu\u00dfsohle am besten im Mittelpunkt ihres Fu\u00dfes.<br \/>\nWarten Sie bis es komplett eingetrocknet ist.<br \/>\nZiehen Sie vom mitgelieferten Pflaster die wei\u00dfe Tr\u00e4gerfolie ab,<br \/>\n\u00f6ffnen Sie die Verpackung in dem sich zwei H2Detox pads befinden. Platzieren Sie das H2Detox pad mit der beschrifteten Seite<br \/>\nnach unten auf ihrem Pflaster. jetzt fixieren Sie das Pflaster auf ihren Fu\u00df und reiben dieses leicht an damit es mit der<br \/>\nHaut einen guten Kontakt hat. (Jeder Verpackung ist eine Anleitung f\u00fcr die Anwendung beigelegt.)<br \/>\nverwenden Sie einen Socken oder stumpf den sie sich \u00fcber den Fu\u00df Streifen, da durch den Entgiftungsprozess sie sonst<br \/>\nwahrscheinlich das Pflaster w\u00e4hrend der Nachtruhe abstreifen w\u00fcrden. Dieser Vorgang sollten Sie vor dem Schlafengehen<br \/>\nanwenden und in der Fr\u00fch das Pflaster wieder entfernen. Die Zeitspanne sollte zwischen acht und 10 Stunden betragen.<\/p>\n<p>Aufgrund der Verf\u00e4rbung w\u00e4ren des Tragens k\u00f6nnen Sie der Anleitung entnehmen wie stark der Entgiftungsprozess stattgefunden hat.<\/p>\n<p>Bei einer starken Verf\u00e4rbung von grau bis schwarz sollten Sie sich \u00fcberlegen, diese Kur zu verl\u00e4ngern<br \/>\num ihren K\u00f6rper etwas Gutes zu tun. Wir empfehlen jedoch eine Woche Pause einzulegen.<\/p>\n<p>&nbsp;<\/p>\n<p>Wochenkur<\/p>\n","protected":false},"excerpt":{"rendered":"<p>H2Detox Pflaster Wochenkur &amp; mit Silberwasser Bambusessig -Turmalin Wasser und Kr\u00e4uter Extrakt.<\/p>\n","protected":false},"featured_media":23,"comment_status":"open","ping_status":"closed","template":"","meta":[],"product_brand":[],"product_cat":[15],"product_tag":[],"class_list":{"0":"post-14","1":"product","2":"type-product","3":"status-publish","4":"has-post-thumbnail","6":"product_cat-unkategorisiert","8":"first","9":"instock","10":"taxable","11":"shipping-taxable","12":"purchasable","13":"product-type-simple"},"jetpack_sharing_enabled":true,"_links":{"self":[{"href":"https:\/\/shop.h2detox.com\/index.php?rest_route=\/wp\/v2\/product\/14","targetHints":{"allow":["GET"]}}],"collection":[{"href":"https:\/\/shop.h2detox.com\/index.php?rest_route=\/wp\/v2\/product"}],"about":[{"href":"https:\/\/shop.h2detox.com\/index.php?rest_route=\/wp\/v2\/types\/product"}],"replies":[{"embeddable":true,"href":"https:\/\/shop.h2detox.com\/index.php?rest_route=%2Fwp%2Fv2%2Fcomments&post=14"}],"wp:featuredmedia":[{"embeddable":true,"href":"https:\/\/shop.h2detox.com\/index.php?rest_route=\/wp\/v2\/media\/23"}],"wp:attachment":[{"href":"https:\/\/shop.h2detox.com\/index.php?rest_route=%2Fwp%2Fv2%2Fmedia&parent=14"}],"wp:term":[{"taxonomy":"product_brand","embeddable":true,"href":"https:\/\/shop.h2detox.com\/index.php?rest_route=%2Fwp%2Fv2%2Fproduct_brand&post=14"},{"taxonomy":"product_cat","embeddable":true,"href":"https:\/\/shop.h2detox.com\/index.php?rest_route=%2Fwp%2Fv2%2Fproduct_cat&post=14"},{"taxonomy":"product_tag","embeddable":true,"href":"https:\/\/shop.h2detox.com\/index.php?rest_route=%2Fwp%2Fv2%2Fproduct_tag&post=14"}],"curies":[{"name":"wp","href":"https:\/\/api.w.org\/{rel}","templated":true}]}}